{"id":140,"date":"2021-12-23T12:14:58","date_gmt":"2021-12-23T12:14:58","guid":{"rendered":"https:\/\/demosites.royal-elementor-addons.com\/nature-v1\/?page_id=140"},"modified":"2026-04-06T21:09:12","modified_gmt":"2026-04-06T21:09:12","slug":"rsvp","status":"publish","type":"page","link":"https:\/\/6giugno.it\/index.php\/rsvp\/","title":{"rendered":"RSVP"},"content":{"rendered":"\t\t<div data-elementor-type=\"wp-page\" data-elementor-id=\"140\" class=\"elementor elementor-140\">\n\t\t\t\t\t\t<section class=\"elementor-section elementor-top-section elementor-element elementor-element-a60c1ce elementor-section-boxed elementor-section-height-default elementor-section-height-default wpr-particle-no wpr-jarallax-no wpr-parallax-no wpr-sticky-section-no\" data-id=\"a60c1ce\" data-element_type=\"section\" data-settings=\"{&quot;background_background&quot;:&quot;classic&quot;}\">\n\t\t\t\t\t\t\t<div class=\"elementor-background-overlay\"><\/div>\n\t\t\t\t\t\t\t<div class=\"elementor-container elementor-column-gap-default\">\n\t\t\t\t\t<div class=\"elementor-column elementor-col-100 elementor-top-column elementor-element elementor-element-c0a5566\" data-id=\"c0a5566\" data-element_type=\"column\">\n\t\t\t<div class=\"elementor-widget-wrap elementor-element-populated\">\n\t\t\t\t\t\t<div class=\"elementor-element elementor-element-d29922a elementor-widget elementor-widget-heading\" data-id=\"d29922a\" data-element_type=\"widget\" data-widget_type=\"heading.default\">\n\t\t\t\t\t<h2 class=\"elementor-heading-title elementor-size-default\">RSVP<\/h2>\t\t\t\t<\/div>\n\t\t\t\t\t<\/div>\n\t\t<\/div>\n\t\t\t\t\t<\/div>\n\t\t<\/section>\n\t\t\t\t<section class=\"elementor-section elementor-top-section elementor-element elementor-element-dccb43f elementor-section-boxed elementor-section-height-default elementor-section-height-default wpr-particle-no wpr-jarallax-no wpr-parallax-no wpr-sticky-section-no\" data-id=\"dccb43f\" data-element_type=\"section\">\n\t\t\t\t\t\t<div class=\"elementor-container elementor-column-gap-default\">\n\t\t\t\t\t<div class=\"elementor-column elementor-col-100 elementor-top-column elementor-element elementor-element-1a9ef53\" data-id=\"1a9ef53\" data-element_type=\"column\">\n\t\t\t<div class=\"elementor-widget-wrap elementor-element-populated\">\n\t\t\t\t\t\t<div class=\"elementor-element elementor-element-2a0e0fd elementor-widget elementor-widget-heading\" data-id=\"2a0e0fd\" data-element_type=\"widget\" data-widget_type=\"heading.default\">\n\t\t\t\t\t<h2 class=\"elementor-heading-title elementor-size-default\">Confermaci la tua presenza entro il 20 maggio<\/h2>\t\t\t\t<\/div>\n\t\t\t\t<div class=\"elementor-element elementor-element-d72907c elementor-widget-divider--view-line elementor-widget elementor-widget-divider\" data-id=\"d72907c\" data-element_type=\"widget\" data-widget_type=\"divider.default\">\n\t\t\t\t\t\t\t<div class=\"elementor-divider\">\n\t\t\t<span class=\"elementor-divider-separator\">\n\t\t\t\t\t\t<\/span>\n\t\t<\/div>\n\t\t\t\t\t\t<\/div>\n\t\t\t\t<div class=\"elementor-element elementor-element-410b057 elementor-widget elementor-widget-text-editor\" data-id=\"410b057\" data-element_type=\"widget\" data-widget_type=\"text-editor.default\">\n\t\t\t\t\t\t\t\t\t<p><strong>Compila il modulo<\/strong>&nbsp;di seguito per <strong>confermare la tua presenza<\/strong>&nbsp;o per comunicarci l&#8217;<strong>impossibilit\u00e0 a partecipare.<\/strong><\/p>\t\t\t\t\t\t\t\t<\/div>\n\t\t\t\t\t<\/div>\n\t\t<\/div>\n\t\t\t\t\t<\/div>\n\t\t<\/section>\n\t\t\t\t<section class=\"elementor-section elementor-top-section elementor-element elementor-element-6487b7ac2 elementor-section-full_width elementor-section-height-default elementor-section-height-default wpr-particle-no wpr-jarallax-no wpr-parallax-no wpr-sticky-section-no\" data-id=\"6487b7ac2\" data-element_type=\"section\">\n\t\t\t\t\t\t<div class=\"elementor-container elementor-column-gap-default\">\n\t\t\t\t\t<div class=\"elementor-column elementor-col-100 elementor-top-column elementor-element elementor-element-4f2e8a1c\" data-id=\"4f2e8a1c\" data-element_type=\"column\" data-settings=\"{&quot;background_background&quot;:&quot;classic&quot;}\">\n\t\t\t<div class=\"elementor-widget-wrap elementor-element-populated\">\n\t\t\t\t\t\t<div class=\"elementor-element elementor-element-243ef744 elementor-widget elementor-widget-heading\" data-id=\"243ef744\" data-element_type=\"widget\" data-widget_type=\"heading.default\">\n\t\t\t\t\t<h2 class=\"elementor-heading-title elementor-size-default\">Modulo di partecipazione<\/h2>\t\t\t\t<\/div>\n\t\t\t\t<div class=\"elementor-element elementor-element-4a9cacc6 wpr-step-type-number_text wpr-step-content-layout-vertical wpr-custom-styles-yes elementor-widget elementor-widget-wpr-form-builder\" data-id=\"4a9cacc6\" data-element_type=\"widget\" data-settings=\"{&quot;success_message&quot;:&quot;Invio riuscito&quot;,&quot;error_message&quot;:&quot;Invio non riuscito&quot;,&quot;button_width&quot;:{&quot;unit&quot;:&quot;%&quot;,&quot;size&quot;:39,&quot;sizes&quot;:[]},&quot;button_width_tablet&quot;:{&quot;unit&quot;:&quot;px&quot;,&quot;size&quot;:&quot;&quot;,&quot;sizes&quot;:[]},&quot;button_width_mobile&quot;:{&quot;unit&quot;:&quot;px&quot;,&quot;size&quot;:&quot;&quot;,&quot;sizes&quot;:[]},&quot;step_type&quot;:&quot;number_text&quot;,&quot;step_content_layout&quot;:&quot;vertical&quot;}\" data-widget_type=\"wpr-form-builder.default\">\n\t\t\t\t\t\t\t<form class=\"wpr-form\" method=\"post\" name=\"New Form\" page=\"RSVP\" page_id=\"140\" novalidate>\n\t\t\t<input type=\"hidden\" name=\"post_id\" value=\"140\"\/>\n\t\t\t<input type=\"hidden\" name=\"form_id\" value=\"4a9cacc6\"\/>\n\t\t\t<input type=\"hidden\" name=\"referer_title\" value=\"\" \/>\n\n\t\t\t<div class=\"wpr-step-wrap\"><span class=\"wpr-step\"><span class=\"wpr-step-content\"><span class=\"wpr-step-number\">1<\/span><\/span><span class=\"wpr-step-label\"><span class=\"wpr-step-main-label\"><\/span><span class=\"wpr-step-sub-label\"><\/span><\/span><\/span><span class=\"wpr-step-sep\"><\/span><span class=\"wpr-step\"><span class=\"wpr-step-content\"><span class=\"wpr-step-number\">2<\/span><\/span><span class=\"wpr-step-label\"><span class=\"wpr-step-main-label\"><\/span><span class=\"wpr-step-sub-label\"><\/span><\/span><\/span><span class=\"wpr-step-sep\"><\/span><\/div>\n\t\t\t<div class=\"wpr-form-fields-wrap wpr-labels-above\">\n\t\t\t\t\t\t\t\t\t<div class=\"wpr-form-field-type-text wpr-field-group wpr-column wpr-field-group-name elementor-repeater-item-e6cdf22\">\n\t\t\t\t\t\t\t\t\t\t\t\t\t\t<label for=\"form-field-name\" class=\"wpr-form-field-label\">\n\t\t\t\t\t\t\t\t\tNome e cognome\t\t\t\t\t\t\t\t<\/label>\n\t\t\t\t\t\t\t<input size=\"1 \"type=\"text\" name=\"form_fields[name]\" id=\"form-field-name\" class=\"wpr-form-field  wpr-form-field-textual\" placeholder=\"Es. Mario Rossi\">\t\t\t\t\t<\/div>\n\t\t\t\t<div class=\"wpr-step-tab wpr-step-tab-hidden\">\t\t\t\t\t<div class=\"wpr-form-field-type-step wpr-field-group wpr-column wpr-field-group-a5514ca elementor-repeater-item-a5514ca\">\n\t\t\t\t\t\t<input type=\"hidden\" class=\"wpr-step-input\" id=form-field-a5514ca value=>\t\t\t\t\t<\/div>\n\t\t\t\t<div class=\"wpr-stp-btns-wrap\"><button type=\"button\" class=\"wpr-step-prev\">Indietro<\/button><button type=\"button\" class=\"wpr-step-next\">Avanti<\/button><\/div><\/div><div class=\"wpr-step-tab wpr-step-tab-hidden\">\t\t\t\t\t<div class=\"wpr-form-field-type-step wpr-field-group wpr-column wpr-field-group-e4ce50e elementor-repeater-item-e4ce50e\">\n\t\t\t\t\t\t<input type=\"hidden\" class=\"wpr-step-input\" id=form-field-e4ce50e value=>\t\t\t\t\t<\/div>\n\t\t\t\t\t\t\t\t\t<div class=\"wpr-form-field-type-select wpr-field-group wpr-column wpr-field-group-c761c76 elementor-repeater-item-c761c76 wpr-form-field-required wpr-required-mark\">\n\t\t\t\t\t\t\t\t\t\t\t\t\t\t<label for=\"form-field-c761c76\" class=\"wpr-form-field-label\">\n\t\t\t\t\t\t\t\t\tParteciper\u00f2 al ricevimento\t\t\t\t\t\t\t\t<\/label>\n\t\t\t\t\t\t\t\t\t<div class=\"wpr-form-field wpr-select-wrap wpr-fi-svg-yes remove-before \">\n\n\t\t\t\t\t\t\t<!-- <svg class=\"e-font-icon-svg e-eicon-caret-down\" viewBox=\"0 0 571.4 1000\" xmlns=\"http:\/\/www.w3.org\/2000\/svg\">\n\t\t\t\t\t<path d=\"M571 457q0-14-10-25l-250-250q-11-11-25-11t-25 11l-250 250q-11 11-11 25t11 25 25 11h500q14 0 25-11t10-25z\"\/>\n\t\t\t\t<\/svg> -->\n\t\t\t\t<!-- <svg class=\"e-font-icon-svg e-eicon-caret-up\" viewBox=\"0 0 1000 1000\" xmlns=\"http:\/\/www.w3.org\/2000\/svg\">\n\t\t\t\t\t<path d=\"M763 279c8-8 8-12 8-25 0-8-4-16-8-25-9-8-13-8-25-8h-459c-8 0-16 4-25 8 0 9-4 17-4 25 0 9 4 17 8 25l230 229c8 5 16 9 25 9 8 0 16-4 25-9l225-229z\"\/>\n\t\t\t\t<\/svg> -->\n\t\t\t\t<!-- <svg class=\"e-font-icon-svg e-eicon-caret-up\" viewBox=\"0 0 1000 500\" xmlns=\"http:\/\/www.w3.org\/2000\/svg\">\n\t\t\t\t\t<path d=\"M763 279c8-8 8-12 8-25 0-8-4-16-8-25-9-8-13-8-25-8h-459c-8 0-16 4-25 8 0 9-4 17-4 25 0 9 4 17 8 25l230 229c8 5 16 9 25 9 8 0 16-4 25-9l225-229z\"\/>\n\t\t\t\t<\/svg> -->\n\t\t\t\t<svg class=\"e-font-icon-svg e-eicon-caret-up\" viewBox=\"0 0 1000 500\" xmlns=\"http:\/\/www.w3.org\/2000\/svg\">\n\t\t\t\t\t<path d=\"M763 279c8-8 8-12 8-25 0-8-4-16-8-25-9-8-13-8-25-8h-459c-8 0-16 4-25 8 0 9-4 17-4 25 0 9 4 17 8 25l230 229c8 5 16 9 25 9 8 0 16-4 25-9l225-229z\"\/>\n\t\t\t\t<\/svg>\n\t\t\t\n\t\t\t<select name=\"form_fields[c761c76]\" id=\"form-field-c761c76\" class=\"wpr-form-field-textual\" required=\"required\" aria-required=\"true\">\n\n\t\t\t\t\t\t\t\t\t<option value=\"S\u00ec\">\n\t\t\t\t\tS\u00ec\t\t\t\t\t<\/option>\n\t\t\t\t\t\t\t\t\t<option value=\"No\">\n\t\t\t\t\tNo\t\t\t\t\t<\/option>\n\t\t\t\t\t\t\t<\/select>\n\t\t<\/div>\n\t\t\t\t\t\t\t<\/div>\n\t\t\t\t\t\t\t\t\t<div class=\"wpr-form-field-type-checkbox wpr-field-group wpr-column wpr-field-group-9ab897f elementor-repeater-item-9ab897f wpr-form-field-required wpr-required-mark\">\n\t\t\t\t\t\t\t\t\t\t\t\t\t\t<label for=\"form-field-9ab897f\" class=\"wpr-form-field-label\">\n\t\t\t\t\t\t\t\t\tHo intolleranze alimentari (selezionare anche pi\u00f9 di una)\t\t\t\t\t\t\t\t<\/label>\n\t\t\t\t\t\t\t<div class=\"wpr-field-sub-group  \"><span class=\"wpr-form-field-option\" data-key=\"form-field-9ab897f\"><input type=\"checkbox\" value=\"No\" id=\"form-field-9ab897f-0\" name=\"form_fields[9ab897f][]\" required=\"required\" aria-required=\"true\"> <label for=\"form-field-9ab897f-0\">No<\/label><\/span><span class=\"wpr-form-field-option\" data-key=\"form-field-9ab897f\"><input type=\"checkbox\" value=\"Celiachia\" id=\"form-field-9ab897f-1\" name=\"form_fields[9ab897f][]\" required=\"required\" aria-required=\"true\"> <label for=\"form-field-9ab897f-1\">Celiachia<\/label><\/span><span class=\"wpr-form-field-option\" data-key=\"form-field-9ab897f\"><input type=\"checkbox\" value=\"Lattosio\" id=\"form-field-9ab897f-2\" name=\"form_fields[9ab897f][]\" required=\"required\" aria-required=\"true\"> <label for=\"form-field-9ab897f-2\">Lattosio<\/label><\/span><span class=\"wpr-form-field-option\" data-key=\"form-field-9ab897f\"><input type=\"checkbox\" value=\"Uova\" id=\"form-field-9ab897f-3\" name=\"form_fields[9ab897f][]\" required=\"required\" aria-required=\"true\"> <label for=\"form-field-9ab897f-3\">Uova<\/label><\/span><span class=\"wpr-form-field-option\" data-key=\"form-field-9ab897f\"><input type=\"checkbox\" value=\"Arachidi\" id=\"form-field-9ab897f-4\" name=\"form_fields[9ab897f][]\" required=\"required\" aria-required=\"true\"> <label for=\"form-field-9ab897f-4\">Arachidi<\/label><\/span><span class=\"wpr-form-field-option\" data-key=\"form-field-9ab897f\"><input type=\"checkbox\" value=\"Frutta a guscio\" id=\"form-field-9ab897f-5\" name=\"form_fields[9ab897f][]\" required=\"required\" aria-required=\"true\"> <label for=\"form-field-9ab897f-5\">Frutta a guscio<\/label><\/span><span class=\"wpr-form-field-option\" data-key=\"form-field-9ab897f\"><input type=\"checkbox\" value=\"Altro (ve lo comunicher\u00f2 in privato)\" id=\"form-field-9ab897f-6\" name=\"form_fields[9ab897f][]\" required=\"required\" aria-required=\"true\"> <label for=\"form-field-9ab897f-6\">Altro (ve lo comunicher\u00f2 in privato)<\/label><\/span><\/div>\t\t\t\t\t<\/div>\n\t\t\t\t<div class=\"wpr-field-group wpr-stp-btns-wrap wpr-column wpr-form-field-type-submit\" data-actions=\"[&quot;email&quot;]\" data-redirect-url=\"\" data-mailchimp-fields=\"{&quot;email_field&quot;:&quot;&quot;,&quot;first_name_field&quot;:&quot;&quot;,&quot;last_name_field&quot;:&quot;&quot;,&quot;address_field&quot;:&quot;&quot;,&quot;phone_field&quot;:&quot;&quot;,&quot;birthday_field&quot;:&quot;&quot;,&quot;group_id&quot;:&quot;&quot;}\" data-list-id=\"\"><button type=\"button\" class=\"wpr-step-prev\">Indietro<\/button>\t\t\t<button type=\"submit\" class=\"wpr-button\">\n\t\t\t\t<span >\n\t\t\t\t\t\t\t\t\t\t\t\t\t\t\t\t<span>Invia<\/span>\n\t\t\t\t\t\t\t\t\t\t\t\t\t\t<\/span>\t\n\t\t\t\t<div class=\"wpr-double-bounce wpr-loader-hidden\">\n\t\t\t\t\t<div class=\"wpr-child wpr-double-bounce1\"><\/div>\n\t\t\t\t\t<div class=\"wpr-child wpr-double-bounce2\"><\/div>\n\t\t\t\t<\/div>\n\t\t\t<\/button>\n\t\t<\/div><\/div>\t\t\t\t\n\t\t\t<\/div>\n\t\t<\/form>\n\t  \t\t\t\t<\/div>\n\t\t\t\t\t<\/div>\n\t\t<\/div>\n\t\t\t\t\t<\/div>\n\t\t<\/section>\n\t\t\t\t<\/div>\n\t\t","protected":false},"excerpt":{"rendered":"<p>RSVP Confermaci la tua presenza entro il 20 maggio Compila il modulo&nbsp;di seguito per confermare la tua presenza&nbsp;o per comunicarci l&#8217;impossibilit\u00e0 a partecipare. Modulo di partecipazione 12 Nome e cognome IndietroAvanti Parteciper\u00f2 al ricevimento S\u00ec No Ho intolleranze alimentari (selezionare anche pi\u00f9 di una) No Celiachia Lattosio Uova Arachidi Frutta a guscio Altro (ve lo comunicher\u00f2 in privato) Indietro Invia<\/p>\n","protected":false},"author":1,"featured_media":0,"parent":0,"menu_order":0,"comment_status":"closed","ping_status":"closed","template":"elementor_canvas","meta":{"footnotes":""},"class_list":["post-140","page","type-page","status-publish","hentry"],"_links":{"self":[{"href":"https:\/\/6giugno.it\/index.php\/wp-json\/wp\/v2\/pages\/140","targetHints":{"allow":["GET"]}}],"collection":[{"href":"https:\/\/6giugno.it\/index.php\/wp-json\/wp\/v2\/pages"}],"about":[{"href":"https:\/\/6giugno.it\/index.php\/wp-json\/wp\/v2\/types\/page"}],"author":[{"embeddable":true,"href":"https:\/\/6giugno.it\/index.php\/wp-json\/wp\/v2\/users\/1"}],"replies":[{"embeddable":true,"href":"https:\/\/6giugno.it\/index.php\/wp-json\/wp\/v2\/comments?post=140"}],"version-history":[{"count":97,"href":"https:\/\/6giugno.it\/index.php\/wp-json\/wp\/v2\/pages\/140\/revisions"}],"predecessor-version":[{"id":1464,"href":"https:\/\/6giugno.it\/index.php\/wp-json\/wp\/v2\/pages\/140\/revisions\/1464"}],"wp:attachment":[{"href":"https:\/\/6giugno.it\/index.php\/wp-json\/wp\/v2\/media?parent=140"}],"curies":[{"name":"wp","href":"https:\/\/api.w.org\/{rel}","templated":true}]}}